{"id":79,"date":"2026-01-27T12:50:11","date_gmt":"2026-01-27T12:50:11","guid":{"rendered":"https:\/\/makler-macher-verwalter.de\/?page_id=79"},"modified":"2026-02-21T09:37:36","modified_gmt":"2026-02-21T09:37:36","slug":"impressum","status":"publish","type":"page","link":"https:\/\/makler-macher-verwalter.de\/index.php\/startseite\/impressum\/","title":{"rendered":"Impressum"},"content":{"rendered":"\n<div class=\"wp-block-cover alignfull\" style=\"min-height:833px;aspect-ratio:unset;\"><img loading=\"lazy\" decoding=\"async\" width=\"1024\" height=\"579\" class=\"wp-block-cover__image-background wp-image-99 size-large\" alt=\"\" src=\"https:\/\/makler-macher-verwalter.de\/wp-content\/uploads\/2026\/01\/Hintergrund-1024x579.png\" data-object-fit=\"cover\" srcset=\"https:\/\/makler-macher-verwalter.de\/wp-content\/uploads\/2026\/01\/Hintergrund-1024x579.png 1024w, https:\/\/makler-macher-verwalter.de\/wp-content\/uploads\/2026\/01\/Hintergrund-300x170.png 300w, https:\/\/makler-macher-verwalter.de\/wp-content\/uploads\/2026\/01\/Hintergrund-768x434.png 768w, https:\/\/makler-macher-verwalter.de\/wp-content\/uploads\/2026\/01\/Hintergrund-1536x868.png 1536w, https:\/\/makler-macher-verwalter.de\/wp-content\/uploads\/2026\/01\/Hintergrund-2048x1157.png 2048w\" sizes=\"auto, (max-width: 1024px) 100vw, 1024px\" \/><span aria-hidden=\"true\" class=\"wp-block-cover__background has-background-dim-100 has-background-dim wp-block-cover__gradient-background has-background-gradient\" style=\"background:linear-gradient(180deg,rgb(0,20,60) 0%,rgba(255,255,255,0) 86%,rgb(255,255,255) 86%)\"><\/span><div class=\"wp-block-cover__inner-container is-layout-constrained wp-block-cover-is-layout-constrained\">\n<div style=\"height:106px\" aria-hidden=\"true\" class=\"wp-block-spacer\"><\/div>\n\n\n\n<figure class=\"wp-block-image aligncenter size-large is-resized\"><img loading=\"lazy\" decoding=\"async\" width=\"1024\" height=\"331\" src=\"https:\/\/makler-macher-verwalter.de\/wp-content\/uploads\/2026\/02\/mmvlogo-1024x331.png\" alt=\"\" class=\"wp-image-425\" style=\"aspect-ratio:3.0935808684756876;width:588px;height:auto\" srcset=\"https:\/\/makler-macher-verwalter.de\/wp-content\/uploads\/2026\/02\/mmvlogo-1024x331.png 1024w, https:\/\/makler-macher-verwalter.de\/wp-content\/uploads\/2026\/02\/mmvlogo-300x97.png 300w, https:\/\/makler-macher-verwalter.de\/wp-content\/uploads\/2026\/02\/mmvlogo-768x248.png 768w, https:\/\/makler-macher-verwalter.de\/wp-content\/uploads\/2026\/02\/mmvlogo-1536x497.png 1536w, https:\/\/makler-macher-verwalter.de\/wp-content\/uploads\/2026\/02\/mmvlogo-2048x662.png 2048w\" sizes=\"auto, (max-width: 1024px) 100vw, 1024px\" \/><\/figure>\n\n\n\n<div style=\"height:100px\" aria-hidden=\"true\" class=\"wp-block-spacer\"><\/div>\n<\/div><\/div>\n\n\n\n<h1 class=\"wp-block-heading\">Impressum<\/h1>\n\n\n\n<p>MMV Makler Macher Verwalter UG<br>Franz-Liszt-Stra\u00dfe, 9<br>71069 Sindelfingen<br>Vertreten durch:<br>Moritz Marschall<br>Gesellschafter Gesch\u00e4ftsf\u00fchrer<\/p>\n\n\n\n<h2 class=\"wp-block-heading\">Kontakt<\/h2>\n\n\n\n<p>Telefon: +49 174 4110420<br>E-Mail: info@mmvgruppe.de<\/p>\n\n\n\n<h2 class=\"wp-block-heading\">Umsatzsteuer-ID<\/h2>\n\n\n\n<p>Umsatzsteuer-Identifikationsnummer gem\u00e4\u00df \u00a7 27 a Umsatzsteuergesetz:<br>DE455599734<\/p>\n\n\n\n<h2 class=\"wp-block-heading\">Redaktionell verantwortlich<\/h2>\n\n\n\n<p>Moritz Marschall<br>Gesellschafter Gesch\u00e4ftsf\u00fchrer<\/p>\n\n\n\n<h2 class=\"wp-block-heading\">Verbraucherstreitbilegung\/Universalschlichtstelle<\/h2>\n\n\n\n<p>Wir sind nicht bereit oder verpflichtet, an Streitbeilegungsverfahren vor einer<br>Verbraucherschlichtungsstelle teilzunehmen.<\/p>\n\n\n\n<p><\/p>\n","protected":false},"excerpt":{"rendered":"<p>Impressum MMV Makler Macher Verwalter UGFranz-Liszt-Stra\u00dfe, 971069 SindelfingenVertreten durch:Moritz MarschallGesellschafter Gesch\u00e4ftsf\u00fchrer Kontakt Telefon: +49 174 4110420E-Mail: info@mmvgruppe.de Umsatzsteuer-ID Umsatzsteuer-Identifikationsnummer gem\u00e4\u00df [&hellip;]<\/p>\n","protected":false},"author":1,"featured_media":0,"parent":71,"menu_order":0,"comment_status":"closed","ping_status":"closed","template":"","meta":{"site-sidebar-layout":"default","site-content-layout":"","ast-site-content-layout":"default","site-content-style":"default","site-sidebar-style":"default","ast-global-header-display":"","ast-banner-title-visibility":"","ast-main-header-display":"","ast-hfb-above-header-display":"","ast-hfb-below-header-display":"","ast-hfb-mobile-header-display":"","site-post-title":"disabled","ast-breadcrumbs-content":"","ast-featured-img":"","footer-sml-layout":"","ast-disable-related-posts":"","theme-transparent-header-meta":"","adv-header-id-meta":"","stick-header-meta":"","header-above-stick-meta":"","header-main-stick-meta":"","header-below-stick-meta":"","astra-migrate-meta-layouts":"default","ast-page-background-enabled":"default","ast-page-background-meta":{"desktop":{"background-color":"var(--ast-global-color-5)","background-image":"","background-repeat":"repeat","background-position":"center center","background-size":"auto","background-attachment":"scroll","background-type":"","background-media":"","overlay-type":"","overlay-color":"","overlay-opacity":"","overlay-gradient":""},"tablet":{"background-color":"","background-image":"","background-repeat":"repeat","background-position":"center center","background-size":"auto","background-attachment":"scroll","background-type":"","background-media":"","overlay-type":"","overlay-color":"","overlay-opacity":"","overlay-gradient":""},"mobile":{"background-color":"","background-image":"","background-repeat":"repeat","background-position":"center center","background-size":"auto","background-attachment":"scroll","background-type":"","background-media":"","overlay-type":"","overlay-color":"","overlay-opacity":"","overlay-gradient":""}},"ast-content-background-meta":{"desktop":{"background-color":"var(--ast-global-color-4)","background-image":"","background-repeat":"repeat","background-position":"center center","background-size":"auto","background-attachment":"scroll","background-type":"","background-media":"","overlay-type":"","overlay-color":"","overlay-opacity":"","overlay-gradient":""},"tablet":{"background-color":"var(--ast-global-color-4)","background-image":"","background-repeat":"repeat","background-position":"center center","background-size":"auto","background-attachment":"scroll","background-type":"","background-media":"","overlay-type":"","overlay-color":"","overlay-opacity":"","overlay-gradient":""},"mobile":{"background-color":"var(--ast-global-color-4)","background-image":"","background-repeat":"repeat","background-position":"center center","background-size":"auto","background-attachment":"scroll","background-type":"","background-media":"","overlay-type":"","overlay-color":"","overlay-opacity":"","overlay-gradient":""}},"footnotes":""},"class_list":["post-79","page","type-page","status-publish","hentry"],"_links":{"self":[{"href":"https:\/\/makler-macher-verwalter.de\/index.php\/wp-json\/wp\/v2\/pages\/79","targetHints":{"allow":["GET"]}}],"collection":[{"href":"https:\/\/makler-macher-verwalter.de\/index.php\/wp-json\/wp\/v2\/pages"}],"about":[{"href":"https:\/\/makler-macher-verwalter.de\/index.php\/wp-json\/wp\/v2\/types\/page"}],"author":[{"embeddable":true,"href":"https:\/\/makler-macher-verwalter.de\/index.php\/wp-json\/wp\/v2\/users\/1"}],"replies":[{"embeddable":true,"href":"https:\/\/makler-macher-verwalter.de\/index.php\/wp-json\/wp\/v2\/comments?post=79"}],"version-history":[{"count":9,"href":"https:\/\/makler-macher-verwalter.de\/index.php\/wp-json\/wp\/v2\/pages\/79\/revisions"}],"predecessor-version":[{"id":609,"href":"https:\/\/makler-macher-verwalter.de\/index.php\/wp-json\/wp\/v2\/pages\/79\/revisions\/609"}],"up":[{"embeddable":true,"href":"https:\/\/makler-macher-verwalter.de\/index.php\/wp-json\/wp\/v2\/pages\/71"}],"wp:attachment":[{"href":"https:\/\/makler-macher-verwalter.de\/index.php\/wp-json\/wp\/v2\/media?parent=79"}],"curies":[{"name":"wp","href":"https:\/\/api.w.org\/{rel}","templated":true}]}}