{"id":786,"date":"2026-03-27T21:26:44","date_gmt":"2026-03-27T21:26:44","guid":{"rendered":"https:\/\/makler-macher-verwalter.de\/?page_id=786"},"modified":"2026-03-27T21:44:41","modified_gmt":"2026-03-27T21:44:41","slug":"stellenangebote","status":"publish","type":"page","link":"https:\/\/makler-macher-verwalter.de\/index.php\/startseite\/aktuelles\/stellenangebote\/","title":{"rendered":"Stellenangebote"},"content":{"rendered":"\n<div class=\"wp-block-cover alignfull\" style=\"min-height:833px;aspect-ratio:unset;\"><img loading=\"lazy\" decoding=\"async\" width=\"1024\" height=\"579\" class=\"wp-block-cover__image-background wp-image-99 size-large\" alt=\"\" src=\"https:\/\/makler-macher-verwalter.de\/wp-content\/uploads\/2026\/01\/Hintergrund-1024x579.png\" data-object-fit=\"cover\" srcset=\"https:\/\/makler-macher-verwalter.de\/wp-content\/uploads\/2026\/01\/Hintergrund-1024x579.png 1024w, https:\/\/makler-macher-verwalter.de\/wp-content\/uploads\/2026\/01\/Hintergrund-300x170.png 300w, https:\/\/makler-macher-verwalter.de\/wp-content\/uploads\/2026\/01\/Hintergrund-768x434.png 768w, https:\/\/makler-macher-verwalter.de\/wp-content\/uploads\/2026\/01\/Hintergrund-1536x868.png 1536w, https:\/\/makler-macher-verwalter.de\/wp-content\/uploads\/2026\/01\/Hintergrund-2048x1157.png 2048w\" sizes=\"auto, (max-width: 1024px) 100vw, 1024px\" \/><span aria-hidden=\"true\" class=\"wp-block-cover__background has-background-dim-100 has-background-dim wp-block-cover__gradient-background has-background-gradient\" style=\"background:linear-gradient(180deg,rgb(0,20,60) 0%,rgba(255,255,255,0) 86%,rgb(255,255,255) 86%)\"><\/span><div class=\"wp-block-cover__inner-container is-layout-constrained wp-block-cover-is-layout-constrained\">\n<div style=\"height:106px\" aria-hidden=\"true\" class=\"wp-block-spacer\"><\/div>\n\n\n\n<h1 class=\"wp-block-heading alignwide has-text-align-center company-name has-ast-global-color-4-color has-text-color has-link-color wp-elements-4839791f99ed889f4aeaf65b38375a2c\" style=\"font-size:55px\"><strong>Stellenangebote<\/strong><\/h1>\n\n\n\n<div style=\"height:100px\" aria-hidden=\"true\" class=\"wp-block-spacer\"><\/div>\n\n\n\n<div class=\"wp-block-group is-layout-constrained wp-block-group-is-layout-constrained\">\n<p class=\"has-text-align-center has-ast-global-color-5-color has-text-color has-link-color wp-elements-babc5674582e86354ff2ab9ee6d32add\" id=\"kontaktfeld\">Join our Team!<\/p>\n<\/div>\n\n\n\n<div style=\"height:69px\" aria-hidden=\"true\" class=\"wp-block-spacer\"><\/div>\n<\/div><\/div>\n\n\n\n<div class=\"wp-block-group is-layout-constrained wp-block-group-is-layout-constrained\">\n<h2 class=\"wp-block-heading\">Mini-\/Midijob Backoffice (m\/w\/d)<br>Unterst\u00fctzung Gesch\u00e4ftsf\u00fchrung &amp; Objektmanagement<\/h2>\n\n\n\n<p>Du liebst Struktur, arbeitest organisiert und willst nicht einfach nur \u201eirgendwo\u201c arbeiten, sondern aktiv beim Aufbau einer modernen Immobilienverwaltung mitwirken? Dann suchen wir genau dich.<\/p>\n\n\n\n<h3 class=\"wp-block-heading\">Deine Aufgaben<\/h3>\n\n\n\n<p>\u2022 Digitale &amp; physische Ablage \/ Dokumentenmanagement<br>\u2022 Erstellung und Nachverfolgung von Angeboten<br>\u2022 Bearbeitung des Posteingangs &amp; E-Mail-Verkehrs<br>\u2022 Erste Anlaufstelle f\u00fcr Kundenanfragen (telefonisch &amp; schriftlich)<br>\u2022 Terminkoordination f\u00fcr Gesch\u00e4ftsf\u00fchrung &amp; Objektmanagement<br>\u2022 Vorbereitung von Unterlagen f\u00fcr Eigent\u00fcmerversammlungen<br>\u2022 Pflege unserer Verwaltungssoftware<br>\u2022 Allgemeine administrative Unterst\u00fctzung im Tagesgesch\u00e4ft<\/p>\n\n\n\n<h3 class=\"wp-block-heading\">Das bringst du mit<\/h3>\n\n\n\n<p>\u2022 Strukturierte, sorgf\u00e4ltige Arbeitsweise<br>\u2022 Freundliches und professionelles Auftreten<br>\u2022 Gute schriftliche und m\u00fcndliche Ausdrucksf\u00e4higkeit<br>\u2022 Sicherer Umgang mit MS Office<br>\u2022 Erste Erfahrung im B\u00fcrobereich von Vorteil, aber kein Muss<\/p>\n\n\n\n<h3 class=\"wp-block-heading\">Was wir bieten<\/h3>\n\n\n\n<p>\u2022 Junges Team mit Start-Up-Struktur<br>\u2022 Viel Gestaltungsspielraum &amp; Mitentwicklungsm\u00f6glichkeiten<br>\u2022 M\u00f6glichkeit auf anteiliges Homeoffice<br>\u2022 Hohe Flexibilit\u00e4t bei Arbeitszeiten<br>\u2022 \u00dcberdurchschnittlicher Urlaub<br>\u2022 Kostenlose Getr\u00e4nke<br>\u2022 Flache Hierarchien &amp; direkte Kommunikation mit der Gesch\u00e4ftsf\u00fchrung<\/p>\n\n\n\n<p>Mini- oder Midijob \u2013 Stundenumfang nach Absprache.<\/p>\n<\/div>\n\n\n\n<hr class=\"wp-block-separator has-alpha-channel-opacity is-style-wide\"\/>\n\n\n\n<div class=\"wp-block-group is-layout-constrained wp-block-group-is-layout-constrained\">\n<h2 class=\"wp-block-heading\">Objektmanager \/ Immobilienverwalter (m\/w\/d)<br>GdWE- &amp; Mietverwaltung<\/h2>\n\n\n\n<p>Du willst Verantwortung \u00fcbernehmen, eigene Objekte betreuen und aktiv mitgestalten statt nur verwalten? Dann werde Teil unseres wachsenden Teams.<\/p>\n\n\n\n<h3 class=\"wp-block-heading\">Deine Aufgaben<\/h3>\n\n\n\n<p>\u2022 Eigenverantwortliche Betreuung von WEG- und\/oder Mietobjekten<br>\u2022 Durchf\u00fchrung und Leitung von Eigent\u00fcmerversammlungen (ETV)<br>\u2022 Umsetzung und Nachverfolgung von Beschl\u00fcssen<br>\u2022 Kommunikation mit Eigent\u00fcmern, Beir\u00e4ten, Mietern &amp; Dienstleistern<br>\u2022 Steuerung und Kontrolle externer Dienstleister<br>\u2022 Instandhaltungsplanung &amp; -koordination<br>\u2022 Budget\u00fcberwachung und wirtschaftliche Objektf\u00fchrung<br>\u2022 Objektbegehungen &amp; Qualit\u00e4tskontrolle<\/p>\n\n\n\n<h3 class=\"wp-block-heading\">Das bringst du mit<\/h3>\n\n\n\n<p>\u2022 Ausbildung im Immobilienbereich oder vergleichbare Qualifikation<br>\u2022 Zertifizierung als Verwalter (\u00a7 26a WEG)<br>\u2022 Berufserfahrung in der WEG- und Mietverwaltung<br>\u2022 Selbstst\u00e4ndige und l\u00f6sungsorientierte Arbeitsweise<br>\u2022 Kommunikationsst\u00e4rke &amp; Organisationstalent<\/p>\n\n\n\n<h3 class=\"wp-block-heading\">Was wir bieten<\/h3>\n\n\n\n<p>\u2022 Eigenverantwortliches Arbeiten mit echten Entscheidungsspielr\u00e4umen<br>\u2022 Start-Up-Mentalit\u00e4t mit klarer Wachstumsstrategie<br>\u2022 M\u00f6glichkeit auf anteiliges Homeoffice<br>\u2022 Flexible Arbeitszeiten<br>\u2022 \u00dcberdurchschnittlicher Urlaubsanspruch<br>\u2022 Kostenlose Getr\u00e4nke<br>\u2022 Entwicklungsperspektive bis hin zu F\u00fchrungsverantwortung<br>\u2022 M\u00f6glichkeit, Prozesse aktiv mitzugestalten<\/p>\n\n\n\n<p>Hier bekommst du nicht nur einen Job \u2013 sondern die Chance, mit uns gemeinsam zu wachsen.<\/p>\n<\/div>\n\n\n\n<hr class=\"wp-block-separator has-alpha-channel-opacity is-style-wide\"\/>\n\n\n\n<div class=\"wp-block-group is-layout-constrained wp-block-group-is-layout-constrained\">\n<h2 class=\"wp-block-heading\">Initiativbewerbung (m\/w\/d)<br>Vom Sch\u00fclerpraktikum bis zum Investor \u2013 wir sind offen f\u00fcr Gespr\u00e4che<\/h2>\n\n\n\n<p>Du findest Immobilien spannend, m\u00f6chtest Verantwortung \u00fcbernehmen oder suchst einen Einstieg in die Branche?<br>Vielleicht bringst du ganz neue Ideen mit?<br>Wir sind eine moderne, wachsende Immobilienverwaltung mit klarer Vision und Start-Up-Struktur. Deshalb sind wir immer offen f\u00fcr motivierte Menschen in unterschiedlichsten Bereichen.<br>Wenn du glaubst, dass du zu uns passt \u2013 dann lass uns sprechen.<\/p>\n<\/div>\n\n\n\n<div style=\"background-image:url(&apos;https:\/\/makler-macher-verwalter.de\/wp-content\/uploads\/2026\/01\/Hintergrund-scaled.png&apos;);background-size:cover;\" class=\"wp-block-group alignfull is-layout-constrained wp-block-group-is-layout-constrained has-background\">\n<div class=\"wp-block-group is-nowrap is-layout-flex wp-container-core-group-is-layout-6c531013 wp-block-group-is-layout-flex\">\n<p class=\"has-ast-global-color-5-color has-text-color has-link-color wp-elements-fc87707138873308563b2d93d7a9f3f1\">Bereit Hausverwaltung neu zu erleben?<br>Nehmen Sie jetzt Kontakt auf. Wir k\u00fcmmern uns um ihr Anliegen.<\/p>\n\n\n\n<div style=\"height:100px;width:0px\" aria-hidden=\"true\" class=\"wp-block-spacer wp-container-content-6388d5dc\"><\/div>\n\n\n\n<div class=\"wp-block-buttons is-layout-flex wp-block-buttons-is-layout-flex\">\n<div class=\"wp-block-button\"><a class=\"wp-block-button__link wp-element-button\">Kontakt aufnehmen<\/a><\/div>\n<\/div>\n<\/div>\n<\/div>\n","protected":false},"excerpt":{"rendered":"<p>Mini-\/Midijob Backoffice (m\/w\/d)Unterst\u00fctzung Gesch\u00e4ftsf\u00fchrung &amp; Objektmanagement Du liebst Struktur, arbeitest organisiert und willst nicht einfach nur \u201eirgendwo\u201c arbeiten, sondern aktiv [&hellip;]<\/p>\n","protected":false},"author":1,"featured_media":0,"parent":77,"menu_order":0,"comment_status":"closed","ping_status":"closed","template":"","meta":{"site-sidebar-layout":"default","site-content-layout":"","ast-site-content-layout":"default","site-content-style":"default","site-sidebar-style":"default","ast-global-header-display":"","ast-banner-title-visibility":"","ast-main-header-display":"","ast-hfb-above-header-display":"","ast-hfb-below-header-display":"","ast-hfb-mobile-header-display":"","site-post-title":"disabled","ast-breadcrumbs-content":"","ast-featured-img":"","footer-sml-layout":"","ast-disable-related-posts":"","theme-transparent-header-meta":"","adv-header-id-meta":"","stick-header-meta":"","header-above-stick-meta":"","header-main-stick-meta":"","header-below-stick-meta":"","astra-migrate-meta-layouts":"default","ast-page-background-enabled":"default","ast-page-background-meta":{"desktop":{"background-color":"var(--ast-global-color-5)","background-image":"","background-repeat":"repeat","background-position":"center center","background-size":"auto","background-attachment":"scroll","background-type":"","background-media":"","overlay-type":"","overlay-color":"","overlay-opacity":"","overlay-gradient":""},"tablet":{"background-color":"","background-image":"","background-repeat":"repeat","background-position":"center center","background-size":"auto","background-attachment":"scroll","background-type":"","background-media":"","overlay-type":"","overlay-color":"","overlay-opacity":"","overlay-gradient":""},"mobile":{"background-color":"","background-image":"","background-repeat":"repeat","background-position":"center center","background-size":"auto","background-attachment":"scroll","background-type":"","background-media":"","overlay-type":"","overlay-color":"","overlay-opacity":"","overlay-gradient":""}},"ast-content-background-meta":{"desktop":{"background-color":"var(--ast-global-color-4)","background-image":"","background-repeat":"repeat","background-position":"center center","background-size":"auto","background-attachment":"scroll","background-type":"","background-media":"","overlay-type":"","overlay-color":"","overlay-opacity":"","overlay-gradient":""},"tablet":{"background-color":"var(--ast-global-color-4)","background-image":"","background-repeat":"repeat","background-position":"center center","background-size":"auto","background-attachment":"scroll","background-type":"","background-media":"","overlay-type":"","overlay-color":"","overlay-opacity":"","overlay-gradient":""},"mobile":{"background-color":"var(--ast-global-color-4)","background-image":"","background-repeat":"repeat","background-position":"center center","background-size":"auto","background-attachment":"scroll","background-type":"","background-media":"","overlay-type":"","overlay-color":"","overlay-opacity":"","overlay-gradient":""}},"footnotes":""},"class_list":["post-786","page","type-page","status-publish","hentry"],"_links":{"self":[{"href":"https:\/\/makler-macher-verwalter.de\/index.php\/wp-json\/wp\/v2\/pages\/786","targetHints":{"allow":["GET"]}}],"collection":[{"href":"https:\/\/makler-macher-verwalter.de\/index.php\/wp-json\/wp\/v2\/pages"}],"about":[{"href":"https:\/\/makler-macher-verwalter.de\/index.php\/wp-json\/wp\/v2\/types\/page"}],"author":[{"embeddable":true,"href":"https:\/\/makler-macher-verwalter.de\/index.php\/wp-json\/wp\/v2\/users\/1"}],"replies":[{"embeddable":true,"href":"https:\/\/makler-macher-verwalter.de\/index.php\/wp-json\/wp\/v2\/comments?post=786"}],"version-history":[{"count":3,"href":"https:\/\/makler-macher-verwalter.de\/index.php\/wp-json\/wp\/v2\/pages\/786\/revisions"}],"predecessor-version":[{"id":792,"href":"https:\/\/makler-macher-verwalter.de\/index.php\/wp-json\/wp\/v2\/pages\/786\/revisions\/792"}],"up":[{"embeddable":true,"href":"https:\/\/makler-macher-verwalter.de\/index.php\/wp-json\/wp\/v2\/pages\/77"}],"wp:attachment":[{"href":"https:\/\/makler-macher-verwalter.de\/index.php\/wp-json\/wp\/v2\/media?parent=786"}],"curies":[{"name":"wp","href":"https:\/\/api.w.org\/{rel}","templated":true}]}}