{"id":77,"date":"2026-01-10T11:07:49","date_gmt":"2026-01-10T11:07:49","guid":{"rendered":"https:\/\/makler-macher-verwalter.de\/?page_id=77"},"modified":"2026-02-21T14:06:31","modified_gmt":"2026-02-21T14:06:31","slug":"aktuelles","status":"publish","type":"page","link":"https:\/\/makler-macher-verwalter.de\/index.php\/startseite\/aktuelles\/","title":{"rendered":"Aktuelles"},"content":{"rendered":"\n<div class=\"wp-block-cover alignfull\" style=\"min-height:833px;aspect-ratio:unset;\"><img loading=\"lazy\" decoding=\"async\" width=\"1024\" height=\"579\" class=\"wp-block-cover__image-background wp-image-99 size-large\" alt=\"\" src=\"https:\/\/makler-macher-verwalter.de\/wp-content\/uploads\/2026\/01\/Hintergrund-1024x579.png\" data-object-fit=\"cover\" srcset=\"https:\/\/makler-macher-verwalter.de\/wp-content\/uploads\/2026\/01\/Hintergrund-1024x579.png 1024w, https:\/\/makler-macher-verwalter.de\/wp-content\/uploads\/2026\/01\/Hintergrund-300x170.png 300w, https:\/\/makler-macher-verwalter.de\/wp-content\/uploads\/2026\/01\/Hintergrund-768x434.png 768w, https:\/\/makler-macher-verwalter.de\/wp-content\/uploads\/2026\/01\/Hintergrund-1536x868.png 1536w, https:\/\/makler-macher-verwalter.de\/wp-content\/uploads\/2026\/01\/Hintergrund-2048x1157.png 2048w\" sizes=\"auto, (max-width: 1024px) 100vw, 1024px\" \/><span aria-hidden=\"true\" class=\"wp-block-cover__background has-background-dim-100 has-background-dim wp-block-cover__gradient-background has-background-gradient\" style=\"background:linear-gradient(180deg,rgb(0,20,60) 0%,rgba(255,255,255,0) 86%,rgb(255,255,255) 86%)\"><\/span><div class=\"wp-block-cover__inner-container is-layout-constrained wp-block-cover-is-layout-constrained\">\n<div style=\"height:106px\" aria-hidden=\"true\" class=\"wp-block-spacer\"><\/div>\n\n\n\n<h1 class=\"wp-block-heading alignwide has-text-align-center company-name has-ast-global-color-4-color has-text-color has-link-color wp-elements-023f880f24915713f960feaea42830c4\" style=\"font-size:70px\"><strong>Aktuelles<\/strong><\/h1>\n\n\n\n<div style=\"height:100px\" aria-hidden=\"true\" class=\"wp-block-spacer\"><\/div>\n\n\n\n<div class=\"wp-block-group is-layout-constrained wp-block-group-is-layout-constrained\">\n<p class=\"has-text-align-center has-ast-global-color-5-color has-text-color has-link-color wp-elements-97380651534b51f66f2b673b3490c7ba\">Hier finden Sie aktuelle Informationen rund um unser Unternehmen, neue Immobilienangebote sowie relevante Neuigkeiten aus der Immobilienbranche. Ob Angebote, Entwicklungen oder wichtige Hinweise \u2013 wir halten Sie regelm\u00e4\u00dfig auf dem Laufenden und informieren transparent \u00fcber alles, was f\u00fcr Eigent\u00fcmer, Mieter und Interessenten wichtig ist.<\/p>\n<\/div>\n\n\n\n<div style=\"height:100px\" aria-hidden=\"true\" class=\"wp-block-spacer\"><\/div>\n\n\n\n<div class=\"wp-block-group has-ast-global-color-2-color has-ast-global-color-5-background-color has-text-color has-background has-link-color wp-elements-c9ec856e7b639b367faa6e8a9fc9e3ff is-layout-constrained wp-block-group-is-layout-constrained\" style=\"border-style:none;border-width:0px;border-top-left-radius:23px;border-top-right-radius:23px;border-bottom-left-radius:23px;border-bottom-right-radius:23px\">\n<div style=\"height:100px\" aria-hidden=\"true\" class=\"wp-block-spacer\"><\/div>\n\n\n\n<div class=\"wp-block-columns is-layout-flex wp-container-core-columns-is-layout-28f84493 wp-block-columns-is-layout-flex\">\n<div class=\"wp-block-column is-layout-flow wp-block-column-is-layout-flow\" style=\"padding-top:0;padding-right:var(--wp--preset--spacing--80);padding-bottom:0;padding-left:var(--wp--preset--spacing--80);flex-basis:66.66%\">\n<p class=\"has-text-align-center has-ast-global-color-2-color has-text-color has-link-color has-large-font-size wp-elements-f188eff1a08ee27c3dbf08b2f5a4f78a\"><strong>Sie kennen jemand mit einer Immobilie?<\/strong><\/p>\n\n\n\n<p class=\"has-text-align-center has-medium-font-size\">Lassen Sie es uns wissen &#8211; und profitieren Sie!<\/p>\n\n\n\n<p class=\"has-text-align-center has-small-font-size\">Wir belohnen Tippgeber, Vermittler und Partner mit besonders hohen Provisionen! Falls Sie jemanden kennen, der eine Immobilie Verwalten lassen m\u00f6chte, auf der Suche nach einem Makler ist oder eine professionelle Finanzberatung ben\u00f6tigt?<\/p>\n<\/div>\n\n\n\n<div class=\"wp-block-column is-layout-flow wp-block-column-is-layout-flow\" style=\"padding-right:var(--wp--preset--spacing--60);padding-left:var(--wp--preset--spacing--60);flex-basis:33.33%\">\n<div style=\"height:72px\" aria-hidden=\"true\" class=\"wp-block-spacer\"><\/div>\n\n\n\n<p class=\"has-text-align-left has-ast-global-color-2-color has-text-color has-link-color wp-elements-fd6987a0fe6da65c1e06cfea1ef5d133\">Geben Sie uns Bescheid und sichern sie sich eine attraktive Pr\u00e4mie&#8230;<\/p>\n\n\n\n<div class=\"wp-block-buttons is-content-justification-center is-layout-flex wp-container-core-buttons-is-layout-a89b3969 wp-block-buttons-is-layout-flex\">\n<div class=\"wp-block-button has-custom-width wp-block-button__width-75 hupf-button\"><a class=\"wp-block-button__link has-medium-font-size has-custom-font-size wp-element-button\" href=\"https:\/\/outlook.office.com\/book\/Kontaktaufnahme@addlan.de\/\" target=\"_blank\" rel=\"noopener\">Meeting Buchen<\/a><\/div>\n<\/div>\n<\/div>\n<\/div>\n\n\n\n<div style=\"height:100px\" aria-hidden=\"true\" class=\"wp-block-spacer\"><\/div>\n<\/div>\n<\/div><\/div>\n\n\n\n<div class=\"wp-block-group is-layout-constrained wp-block-group-is-layout-constrained\">\n<h2 class=\"wp-block-heading has-medium-font-size\">Aktuelles <\/h2>\n\n\n\n<p class=\"has-large-font-size\"><strong>Aktuelle Artikel und wissenswertes aus der Welt der MMV<\/strong><\/p>\n\n\n\n<div class=\"wp-block-columns is-layout-flex wp-container-core-columns-is-layout-28f84493 wp-block-columns-is-layout-flex\">\n<div class=\"wp-block-column is-layout-flow wp-block-column-is-layout-flow\">\n<figure class=\"wp-block-image size-full\"><img loading=\"lazy\" decoding=\"async\" width=\"1289\" height=\"648\" src=\"https:\/\/makler-macher-verwalter.de\/wp-content\/uploads\/2026\/02\/desktop.avif\" alt=\"\" class=\"wp-image-418\" style=\"aspect-ratio:1;object-fit:cover\" srcset=\"https:\/\/makler-macher-verwalter.de\/wp-content\/uploads\/2026\/02\/desktop.avif 1289w, https:\/\/makler-macher-verwalter.de\/wp-content\/uploads\/2026\/02\/desktop-300x151.avif 300w, https:\/\/makler-macher-verwalter.de\/wp-content\/uploads\/2026\/02\/desktop-1024x515.avif 1024w, https:\/\/makler-macher-verwalter.de\/wp-content\/uploads\/2026\/02\/desktop-768x386.avif 768w\" sizes=\"auto, (max-width: 1289px) 100vw, 1289px\" \/><figcaption class=\"wp-element-caption\"><strong>Neues BNI-Unternehmerteam gegr\u00fcndet<\/strong><\/figcaption><\/figure>\n\n\n\n<div class=\"wp-block-buttons is-content-justification-left is-layout-flex wp-container-core-buttons-is-layout-fc4fd283 wp-block-buttons-is-layout-flex\">\n<div class=\"wp-block-button hupf-button\"><a class=\"wp-block-button__link wp-element-button\" href=\"https:\/\/www.szbz.de\/nachrichten\/artikel\/neues-bni-unternehmerteam-gegruendet\" rel=\"www.szbz.de\/nachrichten\/artikel\/neues-bni-unternehmerteam-gegruendet noopener\" target=\"_blank\">zum Artikel<\/a><\/div>\n<\/div>\n<\/div>\n\n\n\n<div class=\"wp-block-column is-layout-flow wp-block-column-is-layout-flow\">\n<figure class=\"wp-block-image size-full\"><img loading=\"lazy\" decoding=\"async\" width=\"513\" height=\"553\" src=\"https:\/\/makler-macher-verwalter.de\/wp-content\/uploads\/2026\/02\/2026-02-10-15_55_42-Instagram-\u2013-Mozilla-Firefox-Privater-Modus.jpg\" alt=\"\" class=\"wp-image-562\" style=\"aspect-ratio:1;object-fit:cover\" srcset=\"https:\/\/makler-macher-verwalter.de\/wp-content\/uploads\/2026\/02\/2026-02-10-15_55_42-Instagram-\u2013-Mozilla-Firefox-Privater-Modus.jpg 513w, https:\/\/makler-macher-verwalter.de\/wp-content\/uploads\/2026\/02\/2026-02-10-15_55_42-Instagram-\u2013-Mozilla-Firefox-Privater-Modus-278x300.jpg 278w\" sizes=\"auto, (max-width: 513px) 100vw, 513px\" \/><figcaption class=\"wp-element-caption\"><strong>Moritz wird f\u00fcr die meisten gegebenen Empfehlungen als Netzwerker des Monats ausgezeichnet<\/strong><\/figcaption><\/figure>\n\n\n\n<div class=\"wp-block-buttons is-content-justification-left is-layout-flex wp-container-core-buttons-is-layout-fc4fd283 wp-block-buttons-is-layout-flex\">\n<div class=\"wp-block-button hupf-button\"><a class=\"wp-block-button__link wp-element-button\" href=\"https:\/\/www.instagram.com\/p\/DUFTLDvCE-0\/?utm_source=ig_web_copy_link&amp;img_index=2\" rel=\"www.szbz.de\/nachrichten\/artikel\/neues-bni-unternehmerteam-gegruendet noopener\" target=\"_blank\">zum Artikel<\/a><\/div>\n<\/div>\n<\/div>\n\n\n\n<div class=\"wp-block-column is-layout-flow wp-block-column-is-layout-flow\">\n<figure class=\"wp-block-image size-full\"><img loading=\"lazy\" decoding=\"async\" width=\"469\" height=\"468\" src=\"https:\/\/makler-macher-verwalter.de\/wp-content\/uploads\/2026\/02\/2026-02-21-15_05_11-Neues-Unternehmerteam-MERKUR-soll-die-Wirtschaft-in-und-um-Sindelfingen-staerken-.jpg\" alt=\"\" class=\"wp-image-618\" style=\"aspect-ratio:1;object-fit:cover\" srcset=\"https:\/\/makler-macher-verwalter.de\/wp-content\/uploads\/2026\/02\/2026-02-21-15_05_11-Neues-Unternehmerteam-MERKUR-soll-die-Wirtschaft-in-und-um-Sindelfingen-staerken-.jpg 469w, https:\/\/makler-macher-verwalter.de\/wp-content\/uploads\/2026\/02\/2026-02-21-15_05_11-Neues-Unternehmerteam-MERKUR-soll-die-Wirtschaft-in-und-um-Sindelfingen-staerken--300x300.jpg 300w, https:\/\/makler-macher-verwalter.de\/wp-content\/uploads\/2026\/02\/2026-02-21-15_05_11-Neues-Unternehmerteam-MERKUR-soll-die-Wirtschaft-in-und-um-Sindelfingen-staerken--150x150.jpg 150w\" sizes=\"auto, (max-width: 469px) 100vw, 469px\" \/><figcaption class=\"wp-element-caption\"><strong>Neues Unternehmerteam MERKUR soll die Wirtschaft in und um Sindelfingen st\u00e4rken<\/strong><\/figcaption><\/figure>\n\n\n\n<div class=\"wp-block-buttons is-content-justification-left is-layout-flex wp-container-core-buttons-is-layout-fc4fd283 wp-block-buttons-is-layout-flex\">\n<div class=\"wp-block-button hupf-button\"><a class=\"wp-block-button__link wp-element-button\" href=\"https:\/\/www.regio-tv.de\/mediathek\/video\/neues-unternehmerteam-merkur-soll-die-wirtschaft-in-und-um-sindelfingen-staerken\/\" rel=\"www.szbz.de\/nachrichten\/artikel\/neues-bni-unternehmerteam-gegruendet noopener\" target=\"_blank\">zum Artikel<\/a><\/div>\n<\/div>\n<\/div>\n<\/div>\n<\/div>\n\n\n\n<div style=\"height:100px\" aria-hidden=\"true\" class=\"wp-block-spacer\"><\/div>\n\n\n\n<div style=\"background-image:url(&apos;https:\/\/makler-macher-verwalter.de\/wp-content\/uploads\/2026\/01\/Hintergrund-scaled.png&apos;);background-size:cover;\" class=\"wp-block-group alignfull is-layout-constrained wp-block-group-is-layout-constrained has-background\">\n<div class=\"wp-block-group is-nowrap is-layout-flex wp-container-core-group-is-layout-6c531013 wp-block-group-is-layout-flex\">\n<p class=\"has-ast-global-color-5-color has-text-color has-link-color wp-elements-fc87707138873308563b2d93d7a9f3f1\">Bereit Hausverwaltung neu zu erleben?<br>Nehmen Sie jetzt Kontakt auf. Wir k\u00fcmmern uns um ihr Anliegen.<\/p>\n\n\n\n<div style=\"height:100px;width:0px\" aria-hidden=\"true\" class=\"wp-block-spacer wp-container-content-6388d5dc\"><\/div>\n\n\n\n<div class=\"wp-block-buttons is-layout-flex wp-block-buttons-is-layout-flex\">\n<div class=\"wp-block-button hupf-button\"><a class=\"wp-block-button__link wp-element-button\">Kontakt aufnehmen<\/a><\/div>\n<\/div>\n<\/div>\n<\/div>\n\n\n\n<p><\/p>\n","protected":false},"excerpt":{"rendered":"<p>Aktuelles Aktuelle Artikel und wissenswertes aus der Welt der MMV Bereit Hausverwaltung neu zu erleben?Nehmen Sie jetzt Kontakt auf. Wir [&hellip;]<\/p>\n","protected":false},"author":1,"featured_media":0,"parent":71,"menu_order":0,"comment_status":"closed","ping_status":"closed","template":"","meta":{"site-sidebar-layout":"default","site-content-layout":"","ast-site-content-layout":"default","site-content-style":"default","site-sidebar-style":"default","ast-global-header-display":"","ast-banner-title-visibility":"","ast-main-header-display":"","ast-hfb-above-header-display":"","ast-hfb-below-header-display":"","ast-hfb-mobile-header-display":"","site-post-title":"disabled","ast-breadcrumbs-content":"","ast-featured-img":"","footer-sml-layout":"","ast-disable-related-posts":"","theme-transparent-header-meta":"","adv-header-id-meta":"","stick-header-meta":"","header-above-stick-meta":"","header-main-stick-meta":"","header-below-stick-meta":"","astra-migrate-meta-layouts":"default","ast-page-background-enabled":"default","ast-page-background-meta":{"desktop":{"background-color":"var(--ast-global-color-5)","background-image":"","background-repeat":"repeat","background-position":"center center","background-size":"auto","background-attachment":"scroll","background-type":"","background-media":"","overlay-type":"","overlay-color":"","overlay-opacity":"","overlay-gradient":""},"tablet":{"background-color":"","background-image":"","background-repeat":"repeat","background-position":"center center","background-size":"auto","background-attachment":"scroll","background-type":"","background-media":"","overlay-type":"","overlay-color":"","overlay-opacity":"","overlay-gradient":""},"mobile":{"background-color":"","background-image":"","background-repeat":"repeat","background-position":"center center","background-size":"auto","background-attachment":"scroll","background-type":"","background-media":"","overlay-type":"","overlay-color":"","overlay-opacity":"","overlay-gradient":""}},"ast-content-background-meta":{"desktop":{"background-color":"var(--ast-global-color-4)","background-image":"","background-repeat":"repeat","background-position":"center center","background-size":"auto","background-attachment":"scroll","background-type":"","background-media":"","overlay-type":"","overlay-color":"","overlay-opacity":"","overlay-gradient":""},"tablet":{"background-color":"var(--ast-global-color-4)","background-image":"","background-repeat":"repeat","background-position":"center center","background-size":"auto","background-attachment":"scroll","background-type":"","background-media":"","overlay-type":"","overlay-color":"","overlay-opacity":"","overlay-gradient":""},"mobile":{"background-color":"var(--ast-global-color-4)","background-image":"","background-repeat":"repeat","background-position":"center center","background-size":"auto","background-attachment":"scroll","background-type":"","background-media":"","overlay-type":"","overlay-color":"","overlay-opacity":"","overlay-gradient":""}},"footnotes":""},"class_list":["post-77","page","type-page","status-publish","hentry"],"_links":{"self":[{"href":"https:\/\/makler-macher-verwalter.de\/index.php\/wp-json\/wp\/v2\/pages\/77","targetHints":{"allow":["GET"]}}],"collection":[{"href":"https:\/\/makler-macher-verwalter.de\/index.php\/wp-json\/wp\/v2\/pages"}],"about":[{"href":"https:\/\/makler-macher-verwalter.de\/index.php\/wp-json\/wp\/v2\/types\/page"}],"author":[{"embeddable":true,"href":"https:\/\/makler-macher-verwalter.de\/index.php\/wp-json\/wp\/v2\/users\/1"}],"replies":[{"embeddable":true,"href":"https:\/\/makler-macher-verwalter.de\/index.php\/wp-json\/wp\/v2\/comments?post=77"}],"version-history":[{"count":24,"href":"https:\/\/makler-macher-verwalter.de\/index.php\/wp-json\/wp\/v2\/pages\/77\/revisions"}],"predecessor-version":[{"id":619,"href":"https:\/\/makler-macher-verwalter.de\/index.php\/wp-json\/wp\/v2\/pages\/77\/revisions\/619"}],"up":[{"embeddable":true,"href":"https:\/\/makler-macher-verwalter.de\/index.php\/wp-json\/wp\/v2\/pages\/71"}],"wp:attachment":[{"href":"https:\/\/makler-macher-verwalter.de\/index.php\/wp-json\/wp\/v2\/media?parent=77"}],"curies":[{"name":"wp","href":"https:\/\/api.w.org\/{rel}","templated":true}]}}