{"id":73,"date":"2026-01-10T10:16:07","date_gmt":"2026-01-10T10:16:07","guid":{"rendered":"https:\/\/makler-macher-verwalter.de\/?page_id=73"},"modified":"2026-03-27T21:05:14","modified_gmt":"2026-03-27T21:05:14","slug":"ueber-uns","status":"publish","type":"page","link":"https:\/\/makler-macher-verwalter.de\/index.php\/startseite\/ueber-uns\/","title":{"rendered":"\u00dcber uns"},"content":{"rendered":"\n<div class=\"wp-block-cover alignfull\" style=\"min-height:833px;aspect-ratio:unset;\"><img loading=\"lazy\" decoding=\"async\" width=\"1024\" height=\"579\" class=\"wp-block-cover__image-background wp-image-99 size-large\" alt=\"\" src=\"https:\/\/makler-macher-verwalter.de\/wp-content\/uploads\/2026\/01\/Hintergrund-1024x579.png\" data-object-fit=\"cover\" srcset=\"https:\/\/makler-macher-verwalter.de\/wp-content\/uploads\/2026\/01\/Hintergrund-1024x579.png 1024w, https:\/\/makler-macher-verwalter.de\/wp-content\/uploads\/2026\/01\/Hintergrund-300x170.png 300w, https:\/\/makler-macher-verwalter.de\/wp-content\/uploads\/2026\/01\/Hintergrund-768x434.png 768w, https:\/\/makler-macher-verwalter.de\/wp-content\/uploads\/2026\/01\/Hintergrund-1536x868.png 1536w, https:\/\/makler-macher-verwalter.de\/wp-content\/uploads\/2026\/01\/Hintergrund-2048x1157.png 2048w\" sizes=\"auto, (max-width: 1024px) 100vw, 1024px\" \/><span aria-hidden=\"true\" class=\"wp-block-cover__background has-background-dim-100 has-background-dim wp-block-cover__gradient-background has-background-gradient\" style=\"background:linear-gradient(180deg,rgb(0,20,60) 0%,rgba(255,255,255,0) 86%,rgb(255,255,255) 86%)\"><\/span><div class=\"wp-block-cover__inner-container is-layout-constrained wp-block-cover-is-layout-constrained\">\n<div style=\"height:106px\" aria-hidden=\"true\" class=\"wp-block-spacer\"><\/div>\n\n\n\n<h1 class=\"wp-block-heading alignwide has-text-align-center company-name has-ast-global-color-4-color has-text-color has-link-color wp-elements-dafc1ab75a9a60c4a8214b34f82d65c3\" style=\"font-size:70px\"><strong>\u00dcber<\/strong><br><strong>uns<\/strong><\/h1>\n\n\n\n<div style=\"height:100px\" aria-hidden=\"true\" class=\"wp-block-spacer\"><\/div>\n\n\n\n<div class=\"wp-block-group is-layout-constrained wp-block-group-is-layout-constrained\">\n<p class=\"has-text-align-center has-ast-global-color-5-color has-text-color has-link-color wp-elements-aa0c76c30e3398a45a9606a52450f7a2\">Immobilien sind mehr als nur Geb\u00e4ude \u2013 sie sind Werte, Verantwortung und Vertrauen.<br>Unsere Mission ist es, genau das zu bewahren, zu entwickeln und zu st\u00e4rken.<br>Als erfahrene Immobilienverwalter*innen setzen wir auf<br><strong>Transparenz, Effizienz und Menschlichkeit.<\/strong><br>Wir denken nicht nur in Zahlen und Paragraphen, sondern in<br>L\u00f6sungen, Zufriedenheit und Substanz \u2013 f\u00fcr Eigent\u00fcmer, Investoren und Mieter.<br><strong>Unser Anspruch:<\/strong><br>Verwaltung, die sp\u00fcrbar entlastet, messbar funktioniert und langfristig wirkt.<\/p>\n<\/div>\n\n\n\n<div style=\"height:100px\" aria-hidden=\"true\" class=\"wp-block-spacer\"><\/div>\n\n\n\n<div class=\"wp-block-group has-ast-global-color-2-color has-ast-global-color-5-background-color has-text-color has-background has-link-color wp-elements-02a84527c368a3d4bdc9584bb8af4a0c is-layout-constrained wp-block-group-is-layout-constrained\" style=\"border-style:none;border-width:0px;border-top-left-radius:23px;border-top-right-radius:23px;border-bottom-left-radius:23px;border-bottom-right-radius:23px\">\n<div style=\"height:100px\" aria-hidden=\"true\" class=\"wp-block-spacer\"><\/div>\n\n\n\n<div class=\"wp-block-columns is-layout-flex wp-container-core-columns-is-layout-28f84493 wp-block-columns-is-layout-flex\">\n<div class=\"wp-block-column is-layout-flow wp-block-column-is-layout-flow\" style=\"padding-right:var(--wp--preset--spacing--80);padding-left:var(--wp--preset--spacing--80)\">\n<p class=\"has-text-align-center has-x-large-font-size\"><strong>270<\/strong><\/p>\n\n\n\n<p class=\"has-text-align-center has-medium-font-size\"><strong>und mehr Einheiten im Raum B\u00f6blingen<\/strong> <\/p>\n\n\n\n<p class=\"has-text-align-center has-small-font-size\">(Stand Januar 2026)<\/p>\n<\/div>\n\n\n\n<div class=\"wp-block-column is-layout-flow wp-block-column-is-layout-flow\">\n<p class=\"has-text-align-center has-x-large-font-size\"><strong>30<\/strong><\/p>\n\n\n\n<p class=\"has-text-align-center has-medium-font-size\"><strong>Liegenschaften<\/strong><\/p>\n<\/div>\n\n\n\n<div class=\"wp-block-column is-layout-flow wp-block-column-is-layout-flow\" style=\"padding-right:var(--wp--preset--spacing--80);padding-left:var(--wp--preset--spacing--80)\">\n<p class=\"has-text-align-center has-x-large-font-size\"><strong>90<\/strong><\/p>\n\n\n\n<p class=\"has-text-align-center has-medium-font-size\"><strong>Prozent Antwortrate innerhalb von 24h<\/strong><\/p>\n<\/div>\n<\/div>\n\n\n\n<div style=\"height:100px\" aria-hidden=\"true\" class=\"wp-block-spacer\"><\/div>\n<\/div>\n<\/div><\/div>\n\n\n\n<p class=\"has-text-align-center has-large-font-size\"><strong>Unser Team<\/strong><\/p>\n\n\n\n<div class=\"wp-block-group is-nowrap is-layout-flex wp-container-core-group-is-layout-6c531013 wp-block-group-is-layout-flex\">\n<figure class=\"wp-block-image size-large has-custom-border bw-to-color\"><img loading=\"lazy\" decoding=\"async\" width=\"1024\" height=\"683\" src=\"https:\/\/makler-macher-verwalter.de\/wp-content\/uploads\/2025\/08\/0W0A5535_Ret-mini-1024x683.jpg\" alt=\"\" class=\"wp-image-29\" style=\"border-style:none;border-width:0px;border-top-left-radius:100%;border-top-right-radius:100%;border-bottom-left-radius:100%;border-bottom-right-radius:100%;aspect-ratio:1;object-fit:cover\" srcset=\"https:\/\/makler-macher-verwalter.de\/wp-content\/uploads\/2025\/08\/0W0A5535_Ret-mini-1024x683.jpg 1024w, https:\/\/makler-macher-verwalter.de\/wp-content\/uploads\/2025\/08\/0W0A5535_Ret-mini-300x200.jpg 300w, https:\/\/makler-macher-verwalter.de\/wp-content\/uploads\/2025\/08\/0W0A5535_Ret-mini-768x512.jpg 768w, https:\/\/makler-macher-verwalter.de\/wp-content\/uploads\/2025\/08\/0W0A5535_Ret-mini.jpg 1417w\" sizes=\"auto, (max-width: 1024px) 100vw, 1024px\" \/><figcaption class=\"wp-element-caption\">Marcel V\u00f6gele<\/figcaption><\/figure>\n\n\n\n<figure class=\"wp-block-image size-large has-custom-border bw-to-color\"><img loading=\"lazy\" decoding=\"async\" width=\"1024\" height=\"683\" src=\"https:\/\/makler-macher-verwalter.de\/wp-content\/uploads\/2025\/08\/0W0A5551-Ret_mini-1024x683.jpg\" alt=\"\" class=\"wp-image-30\" style=\"border-top-left-radius:100%;border-top-right-radius:100%;border-bottom-left-radius:100%;border-bottom-right-radius:100%;aspect-ratio:1;object-fit:cover\" srcset=\"https:\/\/makler-macher-verwalter.de\/wp-content\/uploads\/2025\/08\/0W0A5551-Ret_mini-1024x683.jpg 1024w, https:\/\/makler-macher-verwalter.de\/wp-content\/uploads\/2025\/08\/0W0A5551-Ret_mini-300x200.jpg 300w, https:\/\/makler-macher-verwalter.de\/wp-content\/uploads\/2025\/08\/0W0A5551-Ret_mini-768x512.jpg 768w, https:\/\/makler-macher-verwalter.de\/wp-content\/uploads\/2025\/08\/0W0A5551-Ret_mini.jpg 1417w\" sizes=\"auto, (max-width: 1024px) 100vw, 1024px\" \/><figcaption class=\"wp-element-caption\">Moritz A. Marschall<\/figcaption><\/figure>\n<\/div>\n\n\n\n<div class=\"wp-block-group is-vertical is-layout-flex wp-container-core-group-is-layout-fe9cc265 wp-block-group-is-layout-flex\">\n<h2 class=\"wp-block-heading has-medium-font-size\">Unternehmensbeschreibung<\/h2>\n\n\n\n<p class=\"has-large-font-size\"><strong>Professionell, nah und digital f\u00fcr unsere Kunden<\/strong><\/p>\n\n\n\n<p class=\"has-small-font-size\">Makler Macher Verwalter wurde von Eigent\u00fcmern und Mietern gegr\u00fcndet \u2013 mit einer klaren Mission: Hausverwaltung neu zu denken. Pers\u00f6nlich, digital und kundenorientiert. In unserer t\u00e4glichen Arbeit setzen wir auf moderne, digitale Kommunikationswege. So k\u00f6nnen wir schnell, transparent und genau dann unterst\u00fctzen, wenn Sie uns brauchen \u2013 unabh\u00e4ngig von Ort und Zeit. Gleichzeitig sind wir \u00fcberzeugt: Eine gute Hausverwaltung funktioniert nicht ausschlie\u00dflich digital. Deshalb ist unser Team aus qualifizierten Immobilienverwaltern regelm\u00e4\u00dfig pers\u00f6nlich vor Ort. Nicht nur bei akuten Anliegen, sondern auch zur Vorsorge. Denn feste Ansprechpartner in der Region und der direkte Austausch sind f\u00fcr uns die Basis einer nachhaltigen und vertrauensvollen Verwaltung.<\/p>\n<\/div>\n\n\n\n<div style=\"background-image:url(&apos;https:\/\/makler-macher-verwalter.de\/wp-content\/uploads\/2026\/01\/Hintergrund-scaled.png&apos;);background-size:cover;\" class=\"wp-block-group alignfull is-layout-constrained wp-block-group-is-layout-constrained has-background\">\n<div class=\"wp-block-group is-nowrap is-layout-flex wp-container-core-group-is-layout-6c531013 wp-block-group-is-layout-flex\">\n<p class=\"has-ast-global-color-5-color has-text-color has-link-color has-medium-font-size wp-elements-1937bdb92afcce45d1189b3e5f13344b\"><strong>Bereit Hausverwaltung neu zu erleben?<\/strong><br>Nehmen Sie jetzt Kontakt auf. Wir k\u00fcmmern uns um ihr Anliegen.<\/p>\n\n\n\n<div style=\"height:100px;width:0px\" aria-hidden=\"true\" class=\"wp-block-spacer wp-container-content-6388d5dc\"><\/div>\n\n\n\n<div class=\"wp-block-buttons is-layout-flex wp-block-buttons-is-layout-flex\">\n<div class=\"wp-block-button hupf-button\"><a class=\"wp-block-button__link wp-element-button\" href=\"https:\/\/outlook.office.com\/book\/Kontaktaufnahme@addlan.de\/\" target=\"_blank\" rel=\"noopener\">Kontakt aufnehmen<\/a><\/div>\n<\/div>\n<\/div>\n<\/div>\n\n\n\n<div class=\"wp-block-group is-layout-constrained wp-block-group-is-layout-constrained\">\n<div class=\"wp-block-group is-vertical is-layout-flex wp-container-core-group-is-layout-fe9cc265 wp-block-group-is-layout-flex\">\n<h2 class=\"wp-block-heading has-medium-font-size\">Leitbild<\/h2>\n\n\n\n<p class=\"has-large-font-size\"><strong>Den Ansatz den wir verfolgen<\/strong><\/p>\n<\/div>\n\n\n\n<div class=\"wp-block-media-text is-stacked-on-mobile\" style=\"border-top-left-radius:0%;border-top-right-radius:0%;border-bottom-left-radius:0%;border-bottom-right-radius:0%;grid-template-columns:30% auto\"><figure class=\"wp-block-media-text__media\"><img loading=\"lazy\" decoding=\"async\" width=\"1024\" height=\"694\" src=\"https:\/\/makler-macher-verwalter.de\/wp-content\/uploads\/2026\/02\/picture4-1-1024x694.png\" alt=\"\" class=\"wp-image-443 size-full\" srcset=\"https:\/\/makler-macher-verwalter.de\/wp-content\/uploads\/2026\/02\/picture4-1-1024x694.png 1024w, https:\/\/makler-macher-verwalter.de\/wp-content\/uploads\/2026\/02\/picture4-1-300x203.png 300w, https:\/\/makler-macher-verwalter.de\/wp-content\/uploads\/2026\/02\/picture4-1-768x520.png 768w, https:\/\/makler-macher-verwalter.de\/wp-content\/uploads\/2026\/02\/picture4-1-1536x1041.png 1536w, https:\/\/makler-macher-verwalter.de\/wp-content\/uploads\/2026\/02\/picture4-1.png 1718w\" sizes=\"auto, (max-width: 1024px) 100vw, 1024px\" \/><\/figure><div class=\"wp-block-media-text__content\">\n<h3 class=\"wp-block-heading has-text-align-center has-medium-font-size\"><strong>Kundenorientiert<\/strong><\/h3>\n\n\n\n<p class=\"has-text-align-center\">Unsere Kunden stehen im Mittelpunkt unseres Handelns. Wir arbeiten transparent, zuverl\u00e4ssig und l\u00f6sungsorientiert. Mit festen Ansprechpartnern, klarer Kommunikation und modernen digitalen Prozessen sorgen wir f\u00fcr schnelle Reaktionszeiten und eine pers\u00f6nliche Betreuung. Denn nachhaltige Verwaltung bedeutet f\u00fcr uns: zuh\u00f6ren, verstehen und vorausschauend handeln.<\/p>\n<\/div><\/div>\n\n\n\n<div class=\"wp-block-media-text has-media-on-the-right is-stacked-on-mobile\" style=\"grid-template-columns:auto 30%\"><div class=\"wp-block-media-text__content\">\n<h3 class=\"wp-block-heading has-text-align-center has-medium-font-size\"><strong>Stetige Verbesserung<\/strong><\/h3>\n\n\n\n<p class=\"has-text-align-center\">Wir hinterfragen bestehende Prozesse regelm\u00e4\u00dfig und entwickeln unsere Leistungen kontinuierlich weiter. Feedback unserer Kunden und Partner nutzen wir gezielt, um Qualit\u00e4t, Service und Effizienz nachhaltig zu verbessern. Stillstand ist f\u00fcr uns keine Option.<\/p>\n<\/div><figure class=\"wp-block-media-text__media\"><img loading=\"lazy\" decoding=\"async\" width=\"1024\" height=\"694\" src=\"https:\/\/makler-macher-verwalter.de\/wp-content\/uploads\/2026\/02\/picture1-1-1024x694.png\" alt=\"\" class=\"wp-image-439 size-full\" srcset=\"https:\/\/makler-macher-verwalter.de\/wp-content\/uploads\/2026\/02\/picture1-1-1024x694.png 1024w, https:\/\/makler-macher-verwalter.de\/wp-content\/uploads\/2026\/02\/picture1-1-300x203.png 300w, https:\/\/makler-macher-verwalter.de\/wp-content\/uploads\/2026\/02\/picture1-1-768x520.png 768w, https:\/\/makler-macher-verwalter.de\/wp-content\/uploads\/2026\/02\/picture1-1-1536x1041.png 1536w, https:\/\/makler-macher-verwalter.de\/wp-content\/uploads\/2026\/02\/picture1-1.png 1718w\" sizes=\"auto, (max-width: 1024px) 100vw, 1024px\" \/><\/figure><\/div>\n\n\n\n<div class=\"wp-block-media-text is-stacked-on-mobile\" style=\"grid-template-columns:30% auto\"><figure class=\"wp-block-media-text__media\"><img loading=\"lazy\" decoding=\"async\" width=\"1024\" height=\"694\" src=\"https:\/\/makler-macher-verwalter.de\/wp-content\/uploads\/2026\/02\/picture3-1-1024x694.png\" alt=\"\" class=\"wp-image-444 size-full\" srcset=\"https:\/\/makler-macher-verwalter.de\/wp-content\/uploads\/2026\/02\/picture3-1-1024x694.png 1024w, https:\/\/makler-macher-verwalter.de\/wp-content\/uploads\/2026\/02\/picture3-1-300x203.png 300w, https:\/\/makler-macher-verwalter.de\/wp-content\/uploads\/2026\/02\/picture3-1-768x520.png 768w, https:\/\/makler-macher-verwalter.de\/wp-content\/uploads\/2026\/02\/picture3-1-1536x1041.png 1536w, https:\/\/makler-macher-verwalter.de\/wp-content\/uploads\/2026\/02\/picture3-1.png 1718w\" sizes=\"auto, (max-width: 1024px) 100vw, 1024px\" \/><\/figure><div class=\"wp-block-media-text__content\">\n<h3 class=\"wp-block-heading has-text-align-center has-medium-font-size\"><strong>Digital<\/strong><\/h3>\n\n\n\n<p class=\"has-text-align-center\">Wir nutzen digitale L\u00f6sungen, um Verwaltung effizient, transparent und jederzeit erreichbar zu gestalten. Klare Prozesse, moderne Kommunikationswege und schnelle Reaktionszeiten erleichtern den Alltag f\u00fcr Eigent\u00fcmer und Mieter. Digitalisierung verstehen wir dabei als Unterst\u00fctzung \u2013 pers\u00f6nlich erg\u00e4nzt, nicht ersetzt.<\/p>\n<\/div><\/div>\n<\/div>\n\n\n\n<div class=\"wp-block-group alignfull has-ast-global-color-5-background-color has-background is-layout-constrained wp-block-group-is-layout-constrained\">\n<div class=\"wp-block-group is-nowrap is-layout-flex wp-container-core-group-is-layout-6c531013 wp-block-group-is-layout-flex\">\n<p class=\"has-ast-global-color-2-color has-text-color has-link-color has-medium-font-size wp-elements-0f125ce6e373aff26a7237b42bad9f95\"><strong>Sie wollen uns kennenlernen?<\/strong><br>Nehmen Sie jetzt Kontakt auf. <\/p>\n\n\n\n<div style=\"height:100px;width:0px\" aria-hidden=\"true\" class=\"wp-block-spacer wp-container-content-6388d5dc\"><\/div>\n\n\n\n<div class=\"wp-block-buttons is-layout-flex wp-block-buttons-is-layout-flex\">\n<div class=\"wp-block-button hupf-button\"><a class=\"wp-block-button__link wp-element-button\" href=\"https:\/\/outlook.office.com\/book\/Kontaktaufnahme@addlan.de\/\" target=\"_blank\" rel=\"noopener\">Kontakt aufnehmen<\/a><\/div>\n<\/div>\n<\/div>\n<\/div>\n\n\n\n<div class=\"wp-block-group is-layout-constrained wp-block-group-is-layout-constrained\">\n<div class=\"wp-block-group is-vertical is-layout-flex wp-container-core-group-is-layout-fe9cc265 wp-block-group-is-layout-flex\">\n<h2 class=\"wp-block-heading has-medium-font-size\">Unsere Werte<\/h2>\n<\/div>\n\n\n\n<div class=\"wp-block-columns is-layout-flex wp-container-core-columns-is-layout-28f84493 wp-block-columns-is-layout-flex\">\n<div class=\"wp-block-column has-x-large-font-size is-layout-flow wp-block-column-is-layout-flow\" style=\"flex-basis:20%\">\n<p class=\"has-text-align-center has-ast-global-color-1-color has-text-color has-link-color wp-elements-e9d1ba3965129dbe18ee0277376d0f8a\"><strong>1.<\/strong><\/p>\n<\/div>\n\n\n\n<div class=\"wp-block-column is-layout-flow wp-block-column-is-layout-flow\" style=\"flex-basis:66.66%\">\n<h2 class=\"wp-block-heading has-text-align-left\">Vertrauen und Integrit\u00e4t<\/h2>\n\n\n\n<p class=\"has-text-align-left\">Vertrauen ist die Basis jeder Zusammenarbeit.<br>Wir handeln ehrlich, transparent und nachvollziehbar \u2013 in jeder Entscheidung und in jedem Prozess.<\/p>\n<\/div>\n<\/div>\n\n\n\n<div class=\"wp-block-columns is-layout-flex wp-container-core-columns-is-layout-28f84493 wp-block-columns-is-layout-flex\">\n<div class=\"wp-block-column has-x-large-font-size is-layout-flow wp-block-column-is-layout-flow\" style=\"flex-basis:20%\">\n<p class=\"has-text-align-center has-ast-global-color-1-color has-text-color has-link-color wp-elements-5db6aed81adc65c874cebc93132b00ce\"><strong>2.<\/strong><\/p>\n<\/div>\n\n\n\n<div class=\"wp-block-column is-layout-flow wp-block-column-is-layout-flow\" style=\"flex-basis:66.66%\">\n<h2 class=\"wp-block-heading has-text-align-left\">Verantwortung<\/h2>\n\n\n\n<p class=\"has-text-align-left\">Wir \u00fcbernehmen Verantwortung f\u00fcr Immobilien, Eigent\u00fcmergemeinschaften und Mieter.<br>Nachhaltiges Denken und wirtschaftliche Stabilit\u00e4t stehen dabei im Mittelpunkt.<\/p>\n<\/div>\n<\/div>\n\n\n\n<div class=\"wp-block-columns is-layout-flex wp-container-core-columns-is-layout-28f84493 wp-block-columns-is-layout-flex\">\n<div class=\"wp-block-column has-x-large-font-size is-layout-flow wp-block-column-is-layout-flow\" style=\"flex-basis:20%\">\n<p class=\"has-text-align-center has-ast-global-color-1-color has-text-color has-link-color wp-elements-9289ce0d11ae59888e69ab44e9b0ed77\"><strong>3.<\/strong><\/p>\n<\/div>\n\n\n\n<div class=\"wp-block-column is-layout-flow wp-block-column-is-layout-flow\" style=\"flex-basis:66.66%\">\n<h2 class=\"wp-block-heading\">Professionalit\u00e4t<\/h2>\n\n\n\n<p class=\"has-text-align-left\">Strukturierte Abl\u00e4ufe, rechtliche Sicherheit und fachliche Kompetenz bilden die Grundlage unserer Arbeit.<br>Wir bilden uns stetig weiter und bleiben am Puls der Zeit.<\/p>\n<\/div>\n<\/div>\n\n\n\n<div class=\"wp-block-columns is-layout-flex wp-container-core-columns-is-layout-28f84493 wp-block-columns-is-layout-flex\">\n<div class=\"wp-block-column has-x-large-font-size is-layout-flow wp-block-column-is-layout-flow\" style=\"flex-basis:20%\">\n<p class=\"has-text-align-center has-ast-global-color-1-color has-text-color has-link-color wp-elements-116e1f7bc12d2d4a4cb21daf5f5b6754\"><strong>4.<\/strong><\/p>\n<\/div>\n\n\n\n<div class=\"wp-block-column is-layout-flow wp-block-column-is-layout-flow\" style=\"flex-basis:66.66%\">\n<h2 class=\"wp-block-heading\">Transparenz<\/h2>\n\n\n\n<p class=\"has-text-align-left\">Klare Kommunikation statt Fachchinesisch.<br>Unsere Mandanten wissen jederzeit, was passiert \u2013 und warum.<\/p>\n<\/div>\n<\/div>\n\n\n\n<div class=\"wp-block-columns is-layout-flex wp-container-core-columns-is-layout-28f84493 wp-block-columns-is-layout-flex\">\n<div class=\"wp-block-column has-x-large-font-size is-layout-flow wp-block-column-is-layout-flow\" style=\"flex-basis:20%\">\n<p class=\"has-text-align-center has-ast-global-color-1-color has-text-color has-link-color wp-elements-5df8db649f7cd3c8f81e5a42356bd8b1\"><strong>5.<\/strong><\/p>\n<\/div>\n\n\n\n<div class=\"wp-block-column is-layout-flow wp-block-column-is-layout-flow\" style=\"flex-basis:66.66%\">\n<h2 class=\"wp-block-heading has-text-align-left\">Nachhaltigkeit<\/h2>\n\n\n\n<p class=\"has-text-align-left\">Werterhalt bedeutet Zukunftssicherung.<br>Wir denken langfristig, planen vorausschauend und setzen auf nachhaltige L\u00f6sungen.<\/p>\n<\/div>\n<\/div>\n\n\n\n<div class=\"wp-block-columns is-layout-flex wp-container-core-columns-is-layout-28f84493 wp-block-columns-is-layout-flex\">\n<div class=\"wp-block-column has-x-large-font-size is-layout-flow wp-block-column-is-layout-flow\" style=\"flex-basis:20%\">\n<p class=\"has-text-align-center has-ast-global-color-1-color has-text-color has-link-color wp-elements-2cbdcb7298eeeb61b744668b997bea89\"><strong>6.<\/strong><\/p>\n<\/div>\n\n\n\n<div class=\"wp-block-column is-layout-flow wp-block-column-is-layout-flow\" style=\"flex-basis:66.66%\">\n<h2 class=\"wp-block-heading\">Serviceorientierung<\/h2>\n\n\n\n<p class=\"has-text-align-left\">Erreichbarkeit, Zuverl\u00e4ssigkeit und schnelle Reaktionszeiten sind f\u00fcr uns selbstverst\u00e4ndlich.<br>Jede Anfrage wird ernst genommen \u2013 jede L\u00f6sung individuell betrachtet.<\/p>\n<\/div>\n<\/div>\n<\/div>\n\n\n\n<div class=\"wp-block-media-text has-media-on-the-right is-stacked-on-mobile\" style=\"border-top-left-radius:0%;border-top-right-radius:0%;border-bottom-left-radius:0%;border-bottom-right-radius:0%;grid-template-columns:auto 24%\"><div class=\"wp-block-media-text__content\">\n<h3 class=\"wp-block-heading has-text-align-left has-large-font-size\"><strong>Unser Anspruch<\/strong><\/h3>\n\n\n\n<p class=\"has-text-align-left\">Wir m\u00f6chten mehr sein als eine Verwaltung.<br>Wir m\u00f6chten ein&nbsp;verl\u00e4sslicher Partner&nbsp;sein, der entlastet, strukturiert und Mehrwert schafft.<br><\/p>\n<\/div><figure class=\"wp-block-media-text__media\"><img loading=\"lazy\" decoding=\"async\" width=\"1024\" height=\"1024\" src=\"https:\/\/makler-macher-verwalter.de\/wp-content\/uploads\/2026\/02\/logorund-1024x1024.png\" alt=\"\" class=\"wp-image-455 size-full\" srcset=\"https:\/\/makler-macher-verwalter.de\/wp-content\/uploads\/2026\/02\/logorund-1024x1024.png 1024w, https:\/\/makler-macher-verwalter.de\/wp-content\/uploads\/2026\/02\/logorund-300x300.png 300w, https:\/\/makler-macher-verwalter.de\/wp-content\/uploads\/2026\/02\/logorund-150x150.png 150w, https:\/\/makler-macher-verwalter.de\/wp-content\/uploads\/2026\/02\/logorund-768x768.png 768w, https:\/\/makler-macher-verwalter.de\/wp-content\/uploads\/2026\/02\/logorund-1536x1536.png 1536w, https:\/\/makler-macher-verwalter.de\/wp-content\/uploads\/2026\/02\/logorund.png 1870w\" sizes=\"auto, (max-width: 1024px) 100vw, 1024px\" \/><\/figure><\/div>\n\n\n\n<p><\/p>\n\n\n\n<div style=\"background-image:url(&apos;https:\/\/makler-macher-verwalter.de\/wp-content\/uploads\/2026\/01\/Hintergrund-scaled.png&apos;);background-size:cover;\" class=\"wp-block-group alignfull is-layout-constrained wp-block-group-is-layout-constrained has-background\">\n<div class=\"wp-block-group is-nowrap is-layout-flex wp-container-core-group-is-layout-6c531013 wp-block-group-is-layout-flex\">\n<p class=\"has-ast-global-color-5-color has-text-color has-link-color has-medium-font-size wp-elements-25f77759b75c525ca8e293d410d1558c\"><strong>Sie wollen wissen was unsere Kunden sagen?<\/strong><br>Kundenstimmen hier ansehen<\/p>\n\n\n\n<div style=\"height:100px;width:0px\" aria-hidden=\"true\" class=\"wp-block-spacer wp-container-content-6388d5dc\"><\/div>\n\n\n\n<div class=\"wp-block-buttons is-layout-flex wp-block-buttons-is-layout-flex\">\n<div class=\"wp-block-button hupf-button\"><a class=\"wp-block-button__link wp-element-button\">Kundenstimmen<\/a><\/div>\n<\/div>\n<\/div>\n<\/div>\n\n\n\n<p><\/p>\n","protected":false},"excerpt":{"rendered":"<p>Unser Team Unternehmensbeschreibung Professionell, nah und digital f\u00fcr unsere Kunden Makler Macher Verwalter wurde von Eigent\u00fcmern und Mietern gegr\u00fcndet \u2013 [&hellip;]<\/p>\n","protected":false},"author":1,"featured_media":0,"parent":71,"menu_order":0,"comment_status":"closed","ping_status":"closed","template":"","meta":{"site-sidebar-layout":"default","site-content-layout":"","ast-site-content-layout":"default","site-content-style":"default","site-sidebar-style":"default","ast-global-header-display":"","ast-banner-title-visibility":"","ast-main-header-display":"","ast-hfb-above-header-display":"","ast-hfb-below-header-display":"","ast-hfb-mobile-header-display":"","site-post-title":"disabled","ast-breadcrumbs-content":"","ast-featured-img":"","footer-sml-layout":"","ast-disable-related-posts":"","theme-transparent-header-meta":"","adv-header-id-meta":"","stick-header-meta":"","header-above-stick-meta":"","header-main-stick-meta":"","header-below-stick-meta":"","astra-migrate-meta-layouts":"default","ast-page-background-enabled":"default","ast-page-background-meta":{"desktop":{"background-color":"var(--ast-global-color-5)","background-image":"","background-repeat":"repeat","background-position":"center center","background-size":"auto","background-attachment":"scroll","background-type":"","background-media":"","overlay-type":"","overlay-color":"","overlay-opacity":"","overlay-gradient":""},"tablet":{"background-color":"","background-image":"","background-repeat":"repeat","background-position":"center center","background-size":"auto","background-attachment":"scroll","background-type":"","background-media":"","overlay-type":"","overlay-color":"","overlay-opacity":"","overlay-gradient":""},"mobile":{"background-color":"","background-image":"","background-repeat":"repeat","background-position":"center center","background-size":"auto","background-attachment":"scroll","background-type":"","background-media":"","overlay-type":"","overlay-color":"","overlay-opacity":"","overlay-gradient":""}},"ast-content-background-meta":{"desktop":{"background-color":"var(--ast-global-color-4)","background-image":"","background-repeat":"repeat","background-position":"center center","background-size":"auto","background-attachment":"scroll","background-type":"","background-media":"","overlay-type":"","overlay-color":"","overlay-opacity":"","overlay-gradient":""},"tablet":{"background-color":"var(--ast-global-color-4)","background-image":"","background-repeat":"repeat","background-position":"center center","background-size":"auto","background-attachment":"scroll","background-type":"","background-media":"","overlay-type":"","overlay-color":"","overlay-opacity":"","overlay-gradient":""},"mobile":{"background-color":"var(--ast-global-color-4)","background-image":"","background-repeat":"repeat","background-position":"center center","background-size":"auto","background-attachment":"scroll","background-type":"","background-media":"","overlay-type":"","overlay-color":"","overlay-opacity":"","overlay-gradient":""}},"footnotes":""},"class_list":["post-73","page","type-page","status-publish","hentry"],"_links":{"self":[{"href":"https:\/\/makler-macher-verwalter.de\/index.php\/wp-json\/wp\/v2\/pages\/73","targetHints":{"allow":["GET"]}}],"collection":[{"href":"https:\/\/makler-macher-verwalter.de\/index.php\/wp-json\/wp\/v2\/pages"}],"about":[{"href":"https:\/\/makler-macher-verwalter.de\/index.php\/wp-json\/wp\/v2\/types\/page"}],"author":[{"embeddable":true,"href":"https:\/\/makler-macher-verwalter.de\/index.php\/wp-json\/wp\/v2\/users\/1"}],"replies":[{"embeddable":true,"href":"https:\/\/makler-macher-verwalter.de\/index.php\/wp-json\/wp\/v2\/comments?post=73"}],"version-history":[{"count":44,"href":"https:\/\/makler-macher-verwalter.de\/index.php\/wp-json\/wp\/v2\/pages\/73\/revisions"}],"predecessor-version":[{"id":779,"href":"https:\/\/makler-macher-verwalter.de\/index.php\/wp-json\/wp\/v2\/pages\/73\/revisions\/779"}],"up":[{"embeddable":true,"href":"https:\/\/makler-macher-verwalter.de\/index.php\/wp-json\/wp\/v2\/pages\/71"}],"wp:attachment":[{"href":"https:\/\/makler-macher-verwalter.de\/index.php\/wp-json\/wp\/v2\/media?parent=73"}],"curies":[{"name":"wp","href":"https:\/\/api.w.org\/{rel}","templated":true}]}}